{"id":2459,"date":"2021-04-18T11:16:36","date_gmt":"2021-04-18T11:16:36","guid":{"rendered":"https:\/\/www.bolsetabcn.com\/?page_id=2459"},"modified":"2021-04-30T08:33:13","modified_gmt":"2021-04-30T08:33:13","slug":"politica-de-privacidad","status":"publish","type":"page","link":"https:\/\/www.bolsetabcn.com\/ca\/politica-de-privacidad\/","title":{"rendered":"Pol\u00edtica de privacitat"},"content":{"rendered":"<div class=\"wpb-content-wrapper\"><div class=\"vc_row wpb_row vc_row-fluid\"><div class=\"wpb_column vc_column_container vc_col-sm-12\"><div class=\"vc_column-inner vc_custom_1619771529424\"><div class=\"wpb_wrapper\"><div class=\"vc_row wpb_row vc_inner vc_row-fluid\"><div class=\"wpb_column vc_column_container vc_col-sm-12\"><div class=\"vc_column-inner\"><div class=\"wpb_wrapper\">\n\t<div class=\"wpb_text_column wpb_content_element\" >\n\t\t<div class=\"wpb_wrapper\">\n\t\t\t<h6>BOLSETA<\/h6>\n\n\t\t<\/div>\n\t<\/div>\n\n\t<div class=\"wpb_text_column wpb_content_element\" >\n\t\t<div class=\"wpb_wrapper\">\n\t\t\t<h3 class=\"titulo\">Pol\u00edtica de privacitat<\/h3>\n\n\t\t<\/div>\n\t<\/div>\n<\/div><\/div><\/div><\/div><\/div><\/div><\/div><\/div><div class=\"vc_row wpb_row vc_row-fluid vc_custom_1618744916522\"><div class=\"wpb_column vc_column_container vc_col-sm-10\"><div class=\"vc_column-inner vc_custom_1618663136045\"><div class=\"wpb_wrapper\">\n\t<div class=\"wpb_text_column wpb_content_element\" >\n\t\t<div class=\"wpb_wrapper\">\n\t\t\t<p>D'acord amb el que estableix la normativa vigent en Protecci\u00f3 de Dades de Car\u00e0cter Personal, l'informem que les seves dades seran incorporades al sistema de tractament titularitat de Jaime Morgado Dur\u00e1n (d'ara endavant, BOLSETA BCN) amb NIF 36.983.204D i domicili social situat a Carrer Num\u00e0ncia 71, botiga, 08029, Barcelona, amb la finalitat d'atendre les seves consultes. En compliment amb la normativa vigent, BOLSETA BCN informa que les dades seran conservades durant el per\u00edode estrictament necessari per complir amb els preceptes mencionats anteriorment.<\/p>\n<p>Mentre no ens comuniqui el contrari, entendrem que les seves dades no han estat modificades, que vost\u00e8 es compromet a notificar-nos qualsevol variaci\u00f3 i que tenim el seu consentiment per utilitzar-les per a les finalitats mencionades.<\/p>\n<p>BOLSETA BCN informa que procedir\u00e0 a tractar les dades de manera l\u00edcita, leial, transparent, adequada, pertinent, limitada, exacta i actualitzada. \u00c9s per aix\u00f2 que BOLSETA BCN es compromet a adoptar totes les mesures raonables perqu\u00e8 aquestes es suprimeixin o rectifiquin sense dilaci\u00f3 quan siguin inexactes.<\/p>\n<p>D'acord amb els drets que li confereix la normativa vigent en protecci\u00f3 de dades, podr\u00e0 exercir els drets d'acc\u00e9s, rectificaci\u00f3, limitaci\u00f3 de tractament, supressi\u00f3, portabilitat i oposici\u00f3 al tractament de les seves dades de car\u00e0cter personal, aix\u00ed com del consentiment prestat per al tractament dels mateixos, dirigint la seva petici\u00f3 a l'adre\u00e7a postal indicada m\u00e9s amunt o al correu electr\u00f2nic hola@bolsetabcn.com.<\/p>\n<p>L'informem que podr\u00e0 revocar en qualsevol moment el consentiment prestat a la recepci\u00f3 de comunicacions comercials enviant un correu electr\u00f2nic a l'adre\u00e7a de correu electr\u00f2nic:\u00a0<a href=\"mailto:hola@bolsetabcn.com\">hola@bolsetabcn.com<\/a>.<\/p>\n<p>Podr\u00e0 dirigir-se a l'Autoritat de Control competent per presentar la reclamaci\u00f3 que consideri oportuna.<\/p>\n<p>L'enviament d'aquestes dades implica l'acceptaci\u00f3 d'aquesta cl\u00e0usula.<\/p>\n\n\t\t<\/div>\n\t<\/div>\n\n\t<div class=\"wpb_text_column wpb_content_element vc_custom_1619771590328\" >\n\t\t<div class=\"wpb_wrapper\">\n\t\t\t<h4>Comentaris<\/h4>\n<p>Quan els visitants deixen comentaris al web, recopilem les dades que es mostren al formulari de comentaris, aix\u00ed com l'adre\u00e7a IP del visitant i la cadena d'agents d'usuari del navegador per ajudar a la detecci\u00f3 de spam.<\/p>\n<p>Una cadena an\u00f2nima creada a partir de la seva adre\u00e7a de correu electr\u00f2nic (tamb\u00e9 anomenada hash) pot ser proporcionada al servei de Gravatar per veure si la est\u00e0 utilitzant. La pol\u00edtica de privadesa del servei Gravatar est\u00e0 disponible aqu\u00ed: https:\/\/automattic.com\/privacy\/. Despr\u00e9s de l'aprovaci\u00f3 del seu comentari, la imatge del seu perfil \u00e9s visible per al p\u00fablic en el context del seu comentari.<\/p>\n<h4>Mitjans<\/h4>\n<p>Si puges imatges al web, hauries d'evitar pujar imatges amb dades d'ubicaci\u00f3 (GPS EXIF) incloses. Els visitants del web poden descarregar i extreure qualsevol dada d'ubicaci\u00f3 de les imatges del web.<\/p>\n<h4>Cookies<\/h4>\n<p>Si deixes un comentari al nostre lloc, pots triar guardar el teu nom, adre\u00e7a de correu electr\u00f2nic i web en cookies. Aix\u00f2 \u00e9s per la teva comoditat, perqu\u00e8 no hagis de tornar a omplir les teves dades quan deixis un altre comentari. Aquestes cookies tindran una durada d'un any.<\/p>\n<p>Si tens un compte i et connectes a aquest lloc, instal\u00b7lem una cookie temporal per determinar si el teu navegador accepta cookies. Aquesta cookie no cont\u00e9 dades personals i s'elimina al tancar el navegador.<\/p>\n<p>Quan accedeixes, tamb\u00e9 instal\u00b7lem diverses cookies per guardar la teva informaci\u00f3 d'acc\u00e9s i les teves opcions de visualitzaci\u00f3 de pantalla. Les cookies d'acc\u00e9s duren dos dies, i les cookies d'opcions de pantalla duren un any. Si selecciones \u00abRecorda'm\u00bb, el teu acc\u00e9s perdurar\u00e0 durant dues setmanes. Si surts del teu compte, les cookies d'acc\u00e9s s'eliminaran.<\/p>\n<p>Si edites o publiques un article, es guardar\u00e0 una cookie addicional al teu navegador. Aquesta cookie no inclou dades personals i simplement indica l'ID de l'article que acabes d'editar. Caduca despr\u00e9s d'1 dia.<\/p>\n<h4>Contingut incrustat d'altres llocs web<\/h4>\n<p>Els articles d'aquest lloc poden incloure contingut incrustat (per exemple, v\u00eddeos, imatges, articles, etc.). El contingut incrustat d'altres webs es comporta exactament de la mateixa manera que si el visitant hagu\u00e9s visitat l'altra web.<\/p>\n<p>Aquestes webs poden recopilar dades sobre tu, utilitzar cookies, incrustar un seguiment addicional de tercers i supervisar la teva interacci\u00f3 amb aquest contingut incrustat, incloent el seguiment de la teva interacci\u00f3 amb el contingut incrustat si tens un compte i est\u00e0s connectat a aquesta web.<\/p>\n<h4>Amb qui compartim les teves dades<\/h4>\n<p>Si sol\u00b7licites un restabliment de contrasenya, la teva adre\u00e7a IP ser\u00e0 inclosa a l'email de restabliment.<\/p>\n<h4>Quant temps conservem les teves dades<\/h4>\n<p>Si deixes un comentari, el comentari i els seus metadades es conserven indefinidament. Aix\u00f2 \u00e9s perqu\u00e8 puguem recon\u00e8ixer i aprovar comentaris successius autom\u00e0ticament, en comptes de mantenir-los en una cua de moderaci\u00f3.<\/p>\n<p>Dels usuaris que es registren al nostre web (si n'hi ha), tamb\u00e9 emmagatzemem la informaci\u00f3 personal que proporcionen al seu perfil d'usuari. Tots els usuaris poden veure, editar o eliminar la seva informaci\u00f3 personal en qualsevol moment (excepte que no poden canviar el seu nom d'usuari). Els administradors del web tamb\u00e9 poden veure i editar aquesta informaci\u00f3.<\/p>\n<h4>Quins drets tens sobre les teves dades<\/h4>\n<p>Si tens un compte o has deixat comentaris en aquest web, pots sol\u00b7licitar rebre un arxiu d'exportaci\u00f3 de les dades personals que tenim sobre tu, incloent qualsevol dada que ens hagis proporcionat. Tamb\u00e9 pots sol\u00b7licitar que eliminem qualsevol dada personal que tinguem sobre tu. Aix\u00f2 no inclou cap dada que estiguem obligats a conservar amb fins administratius, legals o de seguretat.<\/p>\n<h4>On enviem les teves dades<\/h4>\n<p>Els comentaris dels visitants poden ser revisats per un servei de detecci\u00f3 autom\u00e0tica de spam.<\/p>\n<h4>Woocommerce<\/h4>\n<p class=\"privacy-policy-tutorial\">Aquest text de mostra inclou els b\u00e0sics sobre quins dades personals recopila, emmagatzema i comparteix la teva botiga, aix\u00ed com qui t\u00e9 acc\u00e9s a aquestes dades. Depenent de quins ajustos estiguin actius i quins plugins addicionals s'utilitzin, la informaci\u00f3 espec\u00edfica compartida per la teva botiga pot variar. Et recomanem que consultis un advocat per decidir quina informaci\u00f3 mostrar a la teva pol\u00edtica de privadesa.<\/p>\n<p>Recopilem informaci\u00f3 teva durant el proc\u00e9s de pagament a la nostra botiga.<\/p>\n<h4>El que recopilem i emmagatzemem<\/h4>\n<p>Mentre visites el nostre lloc, realitzarem el seguiment de:<\/p>\n<ul>\n<li>Els productes que has vist: utilitzarem aix\u00f2 per, per exemple, mostrar-te productes que has vist recentment.<\/li>\n<li>Ubicaci\u00f3, adre\u00e7a IP i tipus de navegador: utilitzarem aix\u00f2 per a prop\u00f2sits com estimar impostos i costos d'enviament.<\/li>\n<li>Adre\u00e7a d'enviament: et demanarem que facilitis aix\u00f2 perqu\u00e8 puguem, per exemple, estimar el cost de l'enviament abans que facis una comanda, i enviar-te la comanda!<\/li>\n<\/ul>\n<p>Tamb\u00e9 fem servir cookies per realitzar el seguiment dels continguts del cistell mentre naveges pel nostre lloc.<\/p>\n<p class=\"privacy-policy-tutorial\">Observaci\u00f3: potser voldr\u00e0s detallar la teva pol\u00edtica de cookies, i enlla\u00e7ar des d'aqu\u00ed a aquesta secci\u00f3.<\/p>\n<p>Quan ens compres alguna cosa, et demanem que facilitis informaci\u00f3 que inclou el teu nom, adre\u00e7a de facturaci\u00f3, adre\u00e7a d'enviament, adre\u00e7a de correu electr\u00f2nic, n\u00famero de tel\u00e8fon, detalls de la targeta de cr\u00e8dit\/pagament i informaci\u00f3 addicional opcional com el nom d'usuari i la contrasenya. Utilitzarem aquesta informaci\u00f3 per a prop\u00f2sits com:<\/p>\n<ul>\n<li>Enviar-te informaci\u00f3 sobre el teu compte i comanda.<\/li>\n<li>Respondre a les teves sol\u00b7licituds, incloent reemborsaments i reclamacions.<\/li>\n<li>Processar pagaments i evitar el frau.<\/li>\n<li>Configurar el teu compte per a la nostra botiga.<\/li>\n<li>Complir amb qualsevol obligaci\u00f3 legal que tinguem, com c\u00e0lculs d'impostos.<\/li>\n<li>Millorar les ofertes de la nostra botiga.<\/li>\n<li>Enviar-te missatges promocionals, si esculls rebre'ls.<\/li>\n<\/ul>\n<p>Si crees un compte emmagatzemarem el teu nom, adre\u00e7a, correu electr\u00f2nic i n\u00famero de tel\u00e8fon, que utilitzarem per al proc\u00e9s de pagament i futurs enc\u00e0rrecs.<\/p>\n<p>Normalment, emmagatzemem informaci\u00f3 sobre tu durant el temps que necessitem la informaci\u00f3 per als prop\u00f2sits per als quals la recopilem i utilitzem, i no estem legalment obligats a continuar guardant-la. Per exemple, emmagatzemarem informaci\u00f3 sobre les comandes durant XXX anys amb fins d'impostos i comptabilitat. Aix\u00f2 inclou el teu nom, adre\u00e7a de correu electr\u00f2nic i adreces de facturaci\u00f3 i enviament.<\/p>\n<p>Tamb\u00e9 emmagatzemem comentaris o valoracions, si esculls deixar-los.<\/p>\n<h4>Qui del nostre equip t\u00e9 acc\u00e9s<\/h4>\n<p>Els membres del nostre equip tenen acc\u00e9s a la informaci\u00f3 que ens ofereixes. Per exemple, els administradors i gestors de botiga poden accedir a:<\/p>\n<ul>\n<li>La informaci\u00f3 de les comandes, com qu\u00e8 s'ha comprat, quan s'ha comprat i on s'hauria d'enviar; i<\/li>\n<li>La informaci\u00f3 del client, com el teu nom, adre\u00e7a de correu electr\u00f2nic i la informaci\u00f3 de facturaci\u00f3 i enviament.<\/li>\n<\/ul>\n<p>Els membres del nostre equip tenen acc\u00e9s a aquesta informaci\u00f3 per ajudar a completar comandes, processar reemborsaments i oferir-te suport.<\/p>\n<h4>El que compartim amb altres<\/h4>\n<p class=\"privacy-policy-tutorial\">En aquesta secci\u00f3 hauries d'indicar amb qui est\u00e0s compartint dades i amb quina finalitat. Aix\u00f2 podria incloure, per\u00f2 no es limita a, an\u00e0lisis, m\u00e0rqueting, passarel\u00b7les de pagament, prove\u00efdors d'enviament i contingut incrustat de tercers.<\/p>\n<p>Compartim informaci\u00f3 amb altres que ens ajuden a oferir els nostres enc\u00e0rrecs i gestionar serveis per a tu; per exemple \u2014<\/p>\n<h4><\/h4>\n<h4>Pagaments: Stripe<\/h4>\n<p>En utilitzar aquesta extensi\u00f3, pot ser que estiguis emmagatzemant dades personals o compartint dades amb un servei extern.\u00a0<a href=\"https:\/\/docs.woocommerce.com\/document\/privacy-payments\/#woocommerce-gateway-stripe\" target=\"_blank\" rel=\"noopener\">Apr\u00e8n m\u00e9s sobre com funciona, incloent el que potser vulguis incloure a la teva pol\u00edtica de privadesa.<\/a><\/p>\n<h4>MailChimp per Woocommerce<\/h4>\n<p>En comprar, mantenim al nostre servidor un registre del teu correu electr\u00f2nic i del contingut del carro fins a 30 dies. Aquest registre es mant\u00e9 per tornar a omplir el contingut del teu carro si canvies de dispositiu o necessites tornar un altre dia. Llegeix la nostra pol\u00edtica de privadesa\u00a0<a href=\"https:\/\/mailchimp.com\/legal\/privacy\/\">aqu\u00ed<\/a>.<\/p>\n<h4>Woocommerce Enviaments i Impostos<\/h4>\n<p>En utilitzar aquesta extensi\u00f3, pot ser que estiguis emmagatzemant dades personals o compartint dades amb serveis externs.\u00a0<a href=\"https:\/\/jetpack.com\/support\/for-your-privacy-policy\/#woocommerce-services\" target=\"_blank\" rel=\"noopener\">Apr\u00e8n m\u00e9s sobre com funciona aix\u00f2, incloent el que vulguis incloure a la teva pol\u00edtica de privadesa.<\/a><\/p>\n<h3><\/h3>\n\n\t\t<\/div>\n\t<\/div>\n<\/div><\/div><\/div><div class=\"wpb_column vc_column_container vc_col-sm-2\"><div class=\"vc_column-inner\"><div class=\"wpb_wrapper\"><\/div><\/div><\/div><\/div>\n<\/div>","protected":false},"excerpt":{"rendered":"BOLSETA Pol\u00edtica de privacidad De conformidad con lo establecido en la normativa vigente en Protecci\u00f3n de Datos de Car\u00e1cter Personal, le informamos que sus datos ser\u00e1n incorporados al sistema de tratamiento titularidad de Jaime Morgado Dur\u00e1n (en adelante, BOLSETA BCN) con NIF 36.983.204D y domicilio social sito en Calle Numancia 71, tienda, 08029, Barcelona, con [...]","protected":false},"author":1,"featured_media":0,"parent":0,"menu_order":0,"comment_status":"closed","ping_status":"closed","template":"full_width.php","meta":{"footnotes":""},"class_list":["post-2459","page","type-page","status-publish","hentry"],"_links":{"self":[{"href":"https:\/\/www.bolsetabcn.com\/ca\/wp-json\/wp\/v2\/pages\/2459","targetHints":{"allow":["GET"]}}],"collection":[{"href":"https:\/\/www.bolsetabcn.com\/ca\/wp-json\/wp\/v2\/pages"}],"about":[{"href":"https:\/\/www.bolsetabcn.com\/ca\/wp-json\/wp\/v2\/types\/page"}],"author":[{"embeddable":true,"href":"https:\/\/www.bolsetabcn.com\/ca\/wp-json\/wp\/v2\/users\/1"}],"replies":[{"embeddable":true,"href":"https:\/\/www.bolsetabcn.com\/ca\/wp-json\/wp\/v2\/comments?post=2459"}],"version-history":[{"count":9,"href":"https:\/\/www.bolsetabcn.com\/ca\/wp-json\/wp\/v2\/pages\/2459\/revisions"}],"predecessor-version":[{"id":3103,"href":"https:\/\/www.bolsetabcn.com\/ca\/wp-json\/wp\/v2\/pages\/2459\/revisions\/3103"}],"wp:attachment":[{"href":"https:\/\/www.bolsetabcn.com\/ca\/wp-json\/wp\/v2\/media?parent=2459"}],"curies":[{"name":"wp","href":"https:\/\/api.w.org\/{rel}","templated":true}]}}