{"id":2390,"date":"2021-04-17T21:21:00","date_gmt":"2021-04-17T21:21:00","guid":{"rendered":"https:\/\/www.bolsetabcn.com\/?page_id=2390"},"modified":"2026-02-14T18:45:37","modified_gmt":"2026-02-14T18:45:37","slug":"distribuir-bolseta","status":"publish","type":"page","link":"https:\/\/www.bolsetabcn.com\/ca\/distribuir-bolseta\/","title":{"rendered":"Vols distribuir?"},"content":{"rendered":"<div class=\"wpb-content-wrapper\"><div class=\"vc_row wpb_row vc_row-fluid\"><div data-vc-parallax=\"2\" data-vc-parallax-image=\"https:\/\/www.bolsetabcn.com\/wp-content\/uploads\/2021\/04\/distribuir-bolseta-2.jpg\" class=\"wpb_column vc_column_container vc_col-sm-8 vc_col-has-fill vc_general vc_parallax vc_parallax-content-moving\"><div class=\"vc_column-inner vc_custom_1619084354407\"><div class=\"wpb_wrapper\"><\/div><\/div><\/div><div class=\"wpb_column vc_column_container vc_col-sm-4 vc_hidden-xs vc_col-has-fill\"><div class=\"vc_column-inner vc_custom_1618830913567\"><div class=\"wpb_wrapper\"><div class=\"vc_row wpb_row vc_inner vc_row-fluid\"><div class=\"wpb_column vc_column_container vc_col-sm-10\"><div class=\"vc_column-inner\"><div class=\"wpb_wrapper\">\n\t<div class=\"wpb_text_column wpb_content_element\" >\n\t\t<div class=\"wpb_wrapper\">\n\t\t\t<h6>Productos BOLSETA<\/h6>\n\n\t\t<\/div>\n\t<\/div>\n\n\t<div class=\"wpb_text_column wpb_content_element\" >\n\t\t<div class=\"wpb_wrapper\">\n\t\t\t<h1 class=\"titulo\">\u00bfQuieres distribuir BOLSETA?<\/h1>\n\n\t\t<\/div>\n\t<\/div>\n<\/div><\/div><\/div><div class=\"wpb_column vc_column_container vc_col-sm-2\"><div class=\"vc_column-inner\"><div class=\"wpb_wrapper\"><\/div><\/div><\/div><\/div><\/div><\/div><\/div><\/div><div class=\"vc_row wpb_row vc_row-fluid topmobile vc_custom_1619771194570\"><div class=\"wpb_column vc_column_container vc_col-sm-4\"><div class=\"vc_column-inner vc_custom_1618663136045\"><div class=\"wpb_wrapper\">\n\t<div class=\"wpb_text_column wpb_content_element lead\" >\n\t\t<div class=\"wpb_wrapper\">\n\t\t\t<h1 class=\"destacado\" style=\"text-align: left;\">Los grandes cambios necesitan de <span style=\"color: #1a9a02;\"><strong>asociaciones<\/strong> <\/span>y <span style=\"color: #1a9a02;\"><strong>trabajo conjunto<\/strong><\/span>.<\/h1>\n\n\t\t<\/div>\n\t<\/div>\n<div class=\"vc_empty_space\"   style=\"height: 25px\"><span class=\"vc_empty_space_inner\"><\/span><\/div><\/div><\/div><\/div><div class=\"wpb_column vc_column_container vc_col-sm-8\"><div class=\"vc_column-inner\"><div class=\"wpb_wrapper\">\n\t<div class=\"wpb_text_column wpb_content_element\" >\n\t\t<div class=\"wpb_wrapper\">\n\t\t\t<p>As\u00ed es como vemos desde BOLSETA la relaci\u00f3n con nuestras tiendas distribuidoras, una <strong>acci\u00f3n s\u00f3lida de cooperaci\u00f3n<\/strong> por un mundo mejor.<\/p>\n<p>Si quieres ser part\u00edcipe de un cambio en nuestra sociedad, apostar por <strong>valores sociales y ambientales<\/strong> m\u00e1s all\u00e1 del valor econ\u00f3mico, nos encantar\u00e1 recibirte en nuestro Movimiento BOLSETA y compartir los logros que juntas vayamos consiguiendo.<\/p>\n<p>Porque dejar de lado las bolsas desechables y ofrecer BOLSETA a tu clientela, te va a favorecer m\u00e1s de lo que piensas, porque adem\u00e1s de <strong>reducir tu gasto en bolsas de un solo uso<\/strong>, vas a disfrutar de un <strong>planeta m\u00e1s limpio<\/strong> y vas a permitir que <strong>personas en riesgo de exclusi\u00f3n social<\/strong> tengan un trabajo digno.<\/p>\n\n\t\t<\/div>\n\t<\/div>\n<\/div><\/div><\/div><\/div><div class=\"vc_row wpb_row vc_row-fluid vc_custom_1619427338744\"><div class=\"wpb_column vc_column_container vc_col-sm-4\"><div class=\"vc_column-inner\"><div class=\"wpb_wrapper\">\n\t<div  class=\"wpb_single_image wpb_content_element vc_align_center wpb_content_element\">\n\t\t\n\t\t<figure class=\"wpb_wrapper vc_figure\">\n\t\t\t<a class=\"\" data-lightbox=\"lightbox[rel-2390-4167197262]\" href=\"https:\/\/www.bolsetabcn.com\/wp-content\/uploads\/2021\/11\/material-bolsetas-1024x683.jpg\" target=\"_self\" class=\"vc_single_image-wrapper   vc_box_border_grey\"><img loading=\"lazy\" decoding=\"async\" width=\"1200\" height=\"800\" src=\"https:\/\/www.bolsetabcn.com\/wp-content\/uploads\/2021\/11\/material-bolsetas.jpg\" class=\"vc_single_image-img attachment-full\" alt=\"BOLSETA bolsas reutilizables para la compra, resistentes y ligeras y Manoplas reutilizables de econom\u00eda circular\" title=\"BOLSETA bolsas reutilizables para la compra, resistentes y ligeras y Manoplas reutilizables de econom\u00eda circular\" srcset=\"https:\/\/www.bolsetabcn.com\/wp-content\/uploads\/2021\/11\/material-bolsetas.jpg 1200w, https:\/\/www.bolsetabcn.com\/wp-content\/uploads\/2021\/11\/material-bolsetas-300x200.jpg 300w, https:\/\/www.bolsetabcn.com\/wp-content\/uploads\/2021\/11\/material-bolsetas-1024x683.jpg 1024w, https:\/\/www.bolsetabcn.com\/wp-content\/uploads\/2021\/11\/material-bolsetas-768x512.jpg 768w, https:\/\/www.bolsetabcn.com\/wp-content\/uploads\/2021\/11\/material-bolsetas-500x333.jpg 500w, https:\/\/www.bolsetabcn.com\/wp-content\/uploads\/2021\/11\/material-bolsetas-800x533.jpg 800w, https:\/\/www.bolsetabcn.com\/wp-content\/uploads\/2021\/11\/material-bolsetas-700x467.jpg 700w, https:\/\/www.bolsetabcn.com\/wp-content\/uploads\/2021\/11\/material-bolsetas-1100x733.jpg 1100w, https:\/\/www.bolsetabcn.com\/wp-content\/uploads\/2021\/11\/material-bolsetas-600x400.jpg 600w\" sizes=\"auto, (max-width: 1200px) 100vw, 1200px\" \/><\/a>\n\t\t<\/figure>\n\t<\/div>\n<div class=\"vc_empty_space\"   style=\"height: 15px\"><span class=\"vc_empty_space_inner\"><\/span><\/div><\/div><\/div><\/div><div class=\"wpb_column vc_column_container vc_col-sm-4\"><div class=\"vc_column-inner\"><div class=\"wpb_wrapper\">\n\t<div  class=\"wpb_single_image wpb_content_element vc_align_center wpb_content_element\">\n\t\t\n\t\t<figure class=\"wpb_wrapper vc_figure\">\n\t\t\t<a class=\"\" data-lightbox=\"lightbox[rel-2390-2403224846]\" href=\"https:\/\/www.bolsetabcn.com\/wp-content\/uploads\/2021\/04\/ristra-bolseta-xl-tienda.jpg\" target=\"_self\" class=\"vc_single_image-wrapper   vc_box_border_grey\"><img loading=\"lazy\" decoding=\"async\" width=\"1000\" height=\"667\" src=\"https:\/\/www.bolsetabcn.com\/wp-content\/uploads\/2021\/04\/ristra-bolseta-xl-tienda.jpg\" class=\"vc_single_image-img attachment-full\" alt=\"Ristra de bolsas reutilizables BOLSETA tama\u00f1o XL\" title=\"Ristra de bolsas reutilizables BOLSETA tama\u00f1o XL\" srcset=\"https:\/\/www.bolsetabcn.com\/wp-content\/uploads\/2021\/04\/ristra-bolseta-xl-tienda.jpg 1000w, https:\/\/www.bolsetabcn.com\/wp-content\/uploads\/2021\/04\/ristra-bolseta-xl-tienda-300x200.jpg 300w, https:\/\/www.bolsetabcn.com\/wp-content\/uploads\/2021\/04\/ristra-bolseta-xl-tienda-768x512.jpg 768w, https:\/\/www.bolsetabcn.com\/wp-content\/uploads\/2021\/04\/ristra-bolseta-xl-tienda-500x334.jpg 500w, https:\/\/www.bolsetabcn.com\/wp-content\/uploads\/2021\/04\/ristra-bolseta-xl-tienda-800x534.jpg 800w, https:\/\/www.bolsetabcn.com\/wp-content\/uploads\/2021\/04\/ristra-bolseta-xl-tienda-700x467.jpg 700w, https:\/\/www.bolsetabcn.com\/wp-content\/uploads\/2021\/04\/ristra-bolseta-xl-tienda-600x400.jpg 600w\" sizes=\"auto, (max-width: 1000px) 100vw, 1000px\" \/><\/a>\n\t\t<\/figure>\n\t<\/div>\n<div class=\"vc_empty_space\"   style=\"height: 15px\"><span class=\"vc_empty_space_inner\"><\/span><\/div><\/div><\/div><\/div><div class=\"wpb_column vc_column_container vc_col-sm-4\"><div class=\"vc_column-inner\"><div class=\"wpb_wrapper\">\n\t<div  class=\"wpb_single_image wpb_content_element vc_align_center wpb_content_element\">\n\t\t\n\t\t<figure class=\"wpb_wrapper vc_figure\">\n\t\t\t<a class=\"\" data-lightbox=\"lightbox[rel-2390-615866363]\" href=\"https:\/\/www.bolsetabcn.com\/wp-content\/uploads\/2021\/04\/bolseta-big-bag-bolsa-de-carga.jpg\" target=\"_self\" class=\"vc_single_image-wrapper   vc_box_border_grey\"><img loading=\"lazy\" decoding=\"async\" width=\"1000\" height=\"667\" src=\"https:\/\/www.bolsetabcn.com\/wp-content\/uploads\/2021\/04\/bolseta-big-bag-bolsa-de-carga.jpg\" class=\"vc_single_image-img attachment-full\" alt=\"Bolsa reutilizable de carga 10kg BIG BAG de BOLSETA llena de verdura, frutas y hortalizas\" title=\"Bolsa reutilizable de carga 10kg BIG BAG de BOLSETA llena de verdura, frutas y hortalizas\" srcset=\"https:\/\/www.bolsetabcn.com\/wp-content\/uploads\/2021\/04\/bolseta-big-bag-bolsa-de-carga.jpg 1000w, https:\/\/www.bolsetabcn.com\/wp-content\/uploads\/2021\/04\/bolseta-big-bag-bolsa-de-carga-300x200.jpg 300w, https:\/\/www.bolsetabcn.com\/wp-content\/uploads\/2021\/04\/bolseta-big-bag-bolsa-de-carga-768x512.jpg 768w, https:\/\/www.bolsetabcn.com\/wp-content\/uploads\/2021\/04\/bolseta-big-bag-bolsa-de-carga-500x334.jpg 500w, https:\/\/www.bolsetabcn.com\/wp-content\/uploads\/2021\/04\/bolseta-big-bag-bolsa-de-carga-800x534.jpg 800w, https:\/\/www.bolsetabcn.com\/wp-content\/uploads\/2021\/04\/bolseta-big-bag-bolsa-de-carga-700x467.jpg 700w, https:\/\/www.bolsetabcn.com\/wp-content\/uploads\/2021\/04\/bolseta-big-bag-bolsa-de-carga-600x400.jpg 600w\" sizes=\"auto, (max-width: 1000px) 100vw, 1000px\" \/><\/a>\n\t\t<\/figure>\n\t<\/div>\n<\/div><\/div><\/div><\/div><div class=\"vc_row wpb_row vc_row-fluid vc_custom_1673949150308\"><div data-vc-parallax=\"1.5\" data-vc-parallax-image=\"https:\/\/www.bolsetabcn.com\/wp-content\/uploads\/2021\/04\/bg-bolseta.jpg\" class=\"wpb_column vc_column_container vc_col-sm-12 vc_col-has-fill vc_general vc_parallax vc_parallax-content-moving\"><div class=\"vc_column-inner vc_custom_1618663307378\"><div class=\"wpb_wrapper\"><div class=\"vc_row wpb_row vc_inner vc_row-fluid\"><div class=\"wpb_column vc_column_container vc_col-sm-2\"><div class=\"vc_column-inner\"><div class=\"wpb_wrapper\"><\/div><\/div><\/div><div class=\"wpb_column vc_column_container vc_col-sm-8\"><div class=\"vc_column-inner vc_custom_1618664192027\"><div class=\"wpb_wrapper\">\n\t<div class=\"wpb_text_column wpb_content_element\" >\n\t\t<div class=\"wpb_wrapper\">\n\t\t\t<h3 class=\"frases\">Si crees que puedes aportar en este cambio desde tu tienda, <span style=\"color: #1a9a02;\"><a style=\"color: #1a9a02;\" href=\"https:\/\/www.bolsetabcn.com\/contacta-con-bolseta\/\">contacta con nosotras<\/a><\/span>.<\/h3>\n\n\t\t<\/div>\n\t<\/div>\n<\/div><\/div><\/div><div class=\"wpb_column vc_column_container vc_col-sm-2\"><div class=\"vc_column-inner\"><div class=\"wpb_wrapper\"><\/div><\/div><\/div><\/div><\/div><\/div><\/div><\/div>\n<\/div>","protected":false},"excerpt":{"rendered":"Productos BOLSETA \u00bfQuieres distribuir BOLSETA? Los grandes cambios necesitan de asociaciones y trabajo conjunto. As\u00ed es como vemos desde BOLSETA la relaci\u00f3n con nuestras tiendas distribuidoras, una acci\u00f3n s\u00f3lida de cooperaci\u00f3n por un mundo mejor. Si quieres ser part\u00edcipe de un cambio en nuestra sociedad, apostar por valores sociales y ambientales m\u00e1s all\u00e1 del valor [...]","protected":false},"author":1,"featured_media":0,"parent":0,"menu_order":0,"comment_status":"closed","ping_status":"closed","template":"full_width.php","meta":{"_vp_format_video_url":"","_vp_image_focal_point":[],"footnotes":""},"class_list":["post-2390","page","type-page","status-publish","hentry"],"_links":{"self":[{"href":"https:\/\/www.bolsetabcn.com\/ca\/wp-json\/wp\/v2\/pages\/2390","targetHints":{"allow":["GET"]}}],"collection":[{"href":"https:\/\/www.bolsetabcn.com\/ca\/wp-json\/wp\/v2\/pages"}],"about":[{"href":"https:\/\/www.bolsetabcn.com\/ca\/wp-json\/wp\/v2\/types\/page"}],"author":[{"embeddable":true,"href":"https:\/\/www.bolsetabcn.com\/ca\/wp-json\/wp\/v2\/users\/1"}],"replies":[{"embeddable":true,"href":"https:\/\/www.bolsetabcn.com\/ca\/wp-json\/wp\/v2\/comments?post=2390"}],"version-history":[{"count":18,"href":"https:\/\/www.bolsetabcn.com\/ca\/wp-json\/wp\/v2\/pages\/2390\/revisions"}],"predecessor-version":[{"id":12212,"href":"https:\/\/www.bolsetabcn.com\/ca\/wp-json\/wp\/v2\/pages\/2390\/revisions\/12212"}],"wp:attachment":[{"href":"https:\/\/www.bolsetabcn.com\/ca\/wp-json\/wp\/v2\/media?parent=2390"}],"curies":[{"name":"wp","href":"https:\/\/api.w.org\/{rel}","templated":true}]}}