{"id":2182,"date":"2021-04-17T12:21:50","date_gmt":"2021-04-17T12:21:50","guid":{"rendered":"https:\/\/www.bolsetabcn.com\/?page_id=2182"},"modified":"2026-02-17T09:09:16","modified_gmt":"2026-02-17T09:09:16","slug":"que-nos-mueve","status":"publish","type":"page","link":"https:\/\/www.bolsetabcn.com\/ca\/que-nos-mueve\/","title":{"rendered":"Qu\u00e8 ens mou"},"content":{"rendered":"<div class=\"wpb-content-wrapper\"><div class=\"vc_row wpb_row vc_row-fluid\"><div data-vc-parallax=\"2\" data-vc-parallax-image=\"https:\/\/www.bolsetabcn.com\/wp-content\/uploads\/2021\/06\/bolseta-bolsas-reutilizables-packaging-empresas.jpg\" class=\"wpb_column vc_column_container vc_col-sm-8 vc_col-has-fill vc_general vc_parallax vc_parallax-content-moving\"><div class=\"vc_column-inner vc_custom_1623943815530\"><div class=\"wpb_wrapper\"><\/div><\/div><\/div><div class=\"wpb_column vc_column_container vc_col-sm-4 vc_hidden-xs vc_col-has-fill\"><div class=\"vc_column-inner vc_custom_1618827877022\"><div class=\"wpb_wrapper\"><div class=\"vc_row wpb_row vc_inner vc_row-fluid\"><div class=\"wpb_column vc_column_container vc_col-sm-10\"><div class=\"vc_column-inner\"><div class=\"wpb_wrapper\">\n\t<div class=\"wpb_text_column wpb_content_element\" >\n\t\t<div class=\"wpb_wrapper\">\n\t\t\t<h6>Moviment BOLSETA<\/h6>\n\n\t\t<\/div>\n\t<\/div>\n\n\t<div class=\"wpb_text_column wpb_content_element\" >\n\t\t<div class=\"wpb_wrapper\">\n\t\t\t<h1 class=\"titulo\">Qu\u00e8 ens mou<\/h1>\n\n\t\t<\/div>\n\t<\/div>\n<\/div><\/div><\/div><div class=\"wpb_column vc_column_container vc_col-sm-2\"><div class=\"vc_column-inner\"><div class=\"wpb_wrapper\"><\/div><\/div><\/div><\/div><\/div><\/div><\/div><\/div><div class=\"vc_row wpb_row vc_row-fluid vc_custom_1618828272943\"><div class=\"wpb_column vc_column_container vc_col-sm-4\"><div class=\"vc_column-inner vc_custom_1618663136045\"><div class=\"wpb_wrapper\">\n\t<div class=\"wpb_text_column wpb_content_element lead\" >\n\t\t<div class=\"wpb_wrapper\">\n\t\t\t<p class=\"destacado\" style=\"text-align: left;\">La missi\u00f3 principal de BOLSETA \u00e9s <span style=\"color: #1a9a02;\"><strong>reduir les bosses de pl\u00e0stic d'un sol \u00fas<\/strong><\/span> en el nostre dia a dia, i no de qualsevol manera.<\/p>\n\n\t\t<\/div>\n\t<\/div>\n<div class=\"vc_empty_space\"   style=\"height: 25px\"><span class=\"vc_empty_space_inner\"><\/span><\/div><\/div><\/div><\/div><div class=\"wpb_column vc_column_container vc_col-sm-8\"><div class=\"vc_column-inner\"><div class=\"wpb_wrapper\">\n\t<div class=\"wpb_text_column wpb_content_element\" >\n\t\t<div class=\"wpb_wrapper\">\n\t\t\t<p>Com? Oferint una soluci\u00f3 en forma de bossa reutilitzable, solid\u00e0ria i de proximitat. Fabricada a m\u00e0 a la <strong>prov\u00edncia de Barcelona<\/strong> per la Fundaci\u00f3 Portol\u00e0 i la Fundaci\u00f3 Ared, <strong>promovent la inserci\u00f3 laboral de col\u00b7lectius en risc d'exclusi\u00f3 i evitant incrementar la petjada de carboni.<\/strong>.<\/p>\n<p>Creiem fermament que <strong>s\u00f3n les persones<\/strong> les que aporten l'enorme valor a BOLSETA. Sense elles, no hi ha projecte que valgui. Per aix\u00f2, les fundacions amb les quals col\u00b7laborem conformen el pilar fonamental, el nostre factor hum\u00e0, la nostra \u00e0nima, la <strong>difer\u00e8ncia que ens distingeix d'altres bosses reutilitzables<\/strong>. No ens cansarem de dir que amb la seva compra est\u00e0s generant oportunitats de treball a persones properes a tu. I aix\u00f2 \u00e9s un afegit molt gran al qual \u00e9s dif\u00edcil atribuir un preu econ\u00f2mic fr\u00edvol.<\/p>\n\n\t\t<\/div>\n\t<\/div>\n<\/div><\/div><\/div><\/div><div class=\"vc_row wpb_row vc_row-fluid\"><div data-vc-parallax=\"1.5\" data-vc-parallax-image=\"https:\/\/www.bolsetabcn.com\/wp-content\/uploads\/2021\/04\/bg-bolseta.jpg\" class=\"wpb_column vc_column_container vc_col-sm-12 vc_col-has-fill vc_general vc_parallax vc_parallax-content-moving\"><div class=\"vc_column-inner vc_custom_1618663307378\"><div class=\"wpb_wrapper\"><div class=\"vc_row wpb_row vc_inner vc_row-fluid\"><div class=\"wpb_column vc_column_container vc_col-sm-2\"><div class=\"vc_column-inner\"><div class=\"wpb_wrapper\"><\/div><\/div><\/div><div class=\"wpb_column vc_column_container vc_col-sm-8\"><div class=\"vc_column-inner vc_custom_1618664192027\"><div class=\"wpb_wrapper\">\n\t<div class=\"wpb_text_column wpb_content_element\" >\n\t\t<div class=\"wpb_wrapper\">\n\t\t\t<p class=\"frases\">Potser hi ha m\u00e9s bosses reutilitzables, per\u00f2 no...<br \/>\n<span style=\"color: #1a9a02;\">Cap \u00e9s com BOLSETA<\/span>.<\/p>\n\n\t\t<\/div>\n\t<\/div>\n<\/div><\/div><\/div><div class=\"wpb_column vc_column_container vc_col-sm-2\"><div class=\"vc_column-inner\"><div class=\"wpb_wrapper\"><\/div><\/div><\/div><\/div><\/div><\/div><\/div><\/div><div class=\"vc_row wpb_row vc_row-fluid vc_custom_1618667578753\"><div class=\"wpb_column vc_column_container vc_col-sm-12 vc_hidden-lg vc_hidden-md vc_hidden-sm vc_hidden-xs\"><div class=\"vc_column-inner vc_custom_1618845769883\"><div class=\"wpb_wrapper\">\n\t<div  class=\"wpb_single_image wpb_content_element vc_align_center wpb_content_element\">\n\t\t\n\t\t<figure class=\"wpb_wrapper vc_figure\">\n\t\t\t<div class=\"vc_single_image-wrapper   vc_box_border_grey\"><img loading=\"lazy\" decoding=\"async\" width=\"1351\" height=\"370\" src=\"https:\/\/www.bolsetabcn.com\/wp-content\/uploads\/2021\/04\/bolseta-bcn-bolsas-reutilizables-solidarias-proximidad.jpg\" class=\"vc_single_image-img attachment-full\" alt=\"BOLSETA, bolsas reutilizables, solidarias y de proximidad\" title=\"BOLSETA, bosses reutilitzables, solid\u00e0ries i de proximitat\" srcset=\"https:\/\/www.bolsetabcn.com\/wp-content\/uploads\/2021\/04\/bolseta-bcn-bolsas-reutilizables-solidarias-proximidad.jpg 1351w, https:\/\/www.bolsetabcn.com\/wp-content\/uploads\/2021\/04\/bolseta-bcn-bolsas-reutilizables-solidarias-proximidad-300x82.jpg 300w, https:\/\/www.bolsetabcn.com\/wp-content\/uploads\/2021\/04\/bolseta-bcn-bolsas-reutilizables-solidarias-proximidad-1024x280.jpg 1024w, https:\/\/www.bolsetabcn.com\/wp-content\/uploads\/2021\/04\/bolseta-bcn-bolsas-reutilizables-solidarias-proximidad-768x210.jpg 768w, https:\/\/www.bolsetabcn.com\/wp-content\/uploads\/2021\/04\/bolseta-bcn-bolsas-reutilizables-solidarias-proximidad-700x192.jpg 700w, https:\/\/www.bolsetabcn.com\/wp-content\/uploads\/2021\/04\/bolseta-bcn-bolsas-reutilizables-solidarias-proximidad-1100x301.jpg 1100w, https:\/\/www.bolsetabcn.com\/wp-content\/uploads\/2021\/04\/bolseta-bcn-bolsas-reutilizables-solidarias-proximidad-600x164.jpg 600w\" sizes=\"auto, (max-width: 1351px) 100vw, 1351px\" \/><\/div>\n\t\t<\/figure>\n\t<\/div>\n<\/div><\/div><\/div><\/div><div class=\"vc_row wpb_row vc_row-fluid vc_custom_1618845952969\"><div class=\"wpb_column vc_column_container vc_col-sm-4\"><div class=\"vc_column-inner\"><div class=\"wpb_wrapper\">\n\t<div  class=\"wpb_single_image wpb_content_element vc_align_left wpb_content_element\">\n\t\t\n\t\t<figure class=\"wpb_wrapper vc_figure\">\n\t\t\t<div class=\"vc_single_image-wrapper   vc_box_border_grey\"><img decoding=\"async\" class=\"vc_single_image-img\" src=\"https:\/\/www.bolsetabcn.com\/wp-content\/uploads\/2021\/04\/fundacio-bolseta-800x400.jpg\" width=\"800\" height=\"400\" alt=\"Confecci\u00f3n de las bolsas reutilizables BOLSETA en las fundaciones Ared y Portol\u00e0, en Barcelona\" title=\"Confecci\u00f3 de les bosses reutilitzables BOLSETA a les fundacions Ared i Portol\u00e0, a Barcelona\" loading=\"lazy\" \/><\/div>\n\t\t<\/figure>\n\t<\/div>\n<div class=\"vc_empty_space\"   style=\"height: 15px\"><span class=\"vc_empty_space_inner\"><\/span><\/div><\/div><\/div><\/div><div class=\"wpb_column vc_column_container vc_col-sm-4\"><div class=\"vc_column-inner\"><div class=\"wpb_wrapper\">\n\t<div  class=\"wpb_single_image wpb_content_element vc_align_left wpb_content_element\">\n\t\t\n\t\t<figure class=\"wpb_wrapper vc_figure\">\n\t\t\t<div class=\"vc_single_image-wrapper   vc_box_border_grey\"><img decoding=\"async\" class=\"vc_single_image-img\" src=\"https:\/\/www.bolsetabcn.com\/wp-content\/uploads\/2021\/04\/bolseta-fundacio-portola-800x400.jpg\" width=\"800\" height=\"400\" alt=\"Confecci\u00f3n de las bolsas reutilizables BOLSETA en las fundaciones Ared y Portol\u00e0, en Barcelona\" title=\"Confecci\u00f3 de les bosses reutilitzables BOLSETA a les fundacions Ared i Portol\u00e0, a Barcelona\" loading=\"lazy\" \/><\/div>\n\t\t<\/figure>\n\t<\/div>\n<div class=\"vc_empty_space\"   style=\"height: 15px\"><span class=\"vc_empty_space_inner\"><\/span><\/div><\/div><\/div><\/div><div class=\"wpb_column vc_column_container vc_col-sm-4\"><div class=\"vc_column-inner\"><div class=\"wpb_wrapper\">\n\t<div  class=\"wpb_single_image wpb_content_element vc_align_left wpb_content_element\">\n\t\t\n\t\t<figure class=\"wpb_wrapper vc_figure\">\n\t\t\t<div class=\"vc_single_image-wrapper   vc_box_border_grey\"><img decoding=\"async\" class=\"vc_single_image-img\" src=\"https:\/\/www.bolsetabcn.com\/wp-content\/uploads\/2021\/04\/fundacion-bolseta-personas-800x400.jpg\" width=\"800\" height=\"400\" alt=\"Confecci\u00f3n de las bolsas reutilizables BOLSETA en las fundaciones Ared y Portol\u00e0, en Barcelona\" title=\"Confecci\u00f3 de les bosses reutilitzables BOLSETA a les fundacions Ared i Portol\u00e0, a Barcelona\" loading=\"lazy\" \/><\/div>\n\t\t<\/figure>\n\t<\/div>\n<\/div><\/div><\/div><\/div><div class=\"vc_row wpb_row vc_row-fluid vc_custom_1618699492396\"><div class=\"wpb_column vc_column_container vc_col-sm-6\"><div class=\"vc_column-inner\"><div class=\"wpb_wrapper\">\n\t<div class=\"wpb_text_column wpb_content_element\" >\n\t\t<div class=\"wpb_wrapper\">\n\t\t\t<p>Volem ser referents en <strong>l'emprenedoria sostenible<\/strong>, fent-nos valer a trav\u00e9s de l'experi\u00e8ncia, la transpar\u00e8ncia, la solidaritat, l'honestedat, el respecte, l'amabilitat, l'empatia i la il\u00b7lusi\u00f3 infinita. <span style=\"font-weight: 400;\">Posarem tot el que estigui al nostre abast per refor\u00e7ar el benestar del planeta i dels humans que ens envolten, sent BOLSETA l'exemple viu m\u00e9s clar que<\/span> <strong>una altra manera de fer les coses s\u00ed que \u00e9s possible<\/strong>.<\/p>\n\n\t\t<\/div>\n\t<\/div>\n<div class=\"vc_empty_space\"   style=\"height: 15px\"><span class=\"vc_empty_space_inner\"><\/span><\/div><\/div><\/div><\/div><div class=\"wpb_column vc_column_container vc_col-sm-6\"><div class=\"vc_column-inner\"><div class=\"wpb_wrapper\">\n\t<div class=\"wpb_text_column wpb_content_element\" >\n\t\t<div class=\"wpb_wrapper\">\n\t\t\t<p>La nostra filosofia \u00e9s la creen\u00e7a que tots poden fer el seu millor esfor\u00e7 per conviure m\u00e9s amablement amb l'entorn que ens envolta. Estem conven\u00e7udes que som capaces de ser <strong>agents d'aquesta transformaci\u00f3<\/strong>; que podem continuar influenciant la societat creant productes de forma responsable perqu\u00e8 inspirin el canvi que volem veure en el m\u00f3n.<\/p>\n\n\t\t<\/div>\n\t<\/div>\n<\/div><\/div><\/div><\/div><div class=\"vc_row wpb_row vc_row-fluid vc_custom_1684310756764\"><div class=\"wpb_column vc_column_container vc_col-sm-6\"><div class=\"vc_column-inner\"><div class=\"wpb_wrapper\">\n\t<div class=\"wpb_raw_code wpb_raw_html wpb_content_element\" >\n\t\t<div class=\"wpb_wrapper\">\n\t\t\t<iframe loading=\"lazy\" width=\"100%\" height=\"407\" src=\"https:\/\/www.youtube.com\/embed\/zXr99mVL2x4?rel=0\" frameborder=\"0\" allow=\"accelerometer; autoplay; encrypted-media; gyroscope; picture-in-picture\" allowfullscreen><\/iframe>\n\t\t<\/div>\n\t<\/div>\n<\/div><\/div><\/div><div class=\"wpb_column vc_column_container vc_col-sm-6\"><div class=\"vc_column-inner\"><div class=\"wpb_wrapper\"><div class=\"vc_empty_space\"   style=\"height: 35px\"><span class=\"vc_empty_space_inner\"><\/span><\/div>\n\t<div class=\"wpb_text_column wpb_content_element\" >\n\t\t<div class=\"wpb_wrapper\">\n\t\t\t<p>No anhelem crear una nova necessitat perqu\u00e8 aquesta ja existeix. <strong>Volem que els productes que consumim vagin acompanyats de beneficis socials<\/strong>. No podem reduir residus comprant bosses fabricades en condicions desconegudes i que recorren milers de quil\u00f2metres fins a les nostres llars, generant una elevada petjada de carboni, ni comprar productes amb esc\u00e0s valor social o ambiental.<\/p>\n<p>BOLSETA, ideada des de l'amor i la intenci\u00f3 social m\u00e9s honesta, ens ajuda a seguir encoratjant les persones a reduir, reutilitzar, reciclar i tornar a repensar el m\u00f3n en el qual vivim. <strong>T'oferim ser part de la soluci\u00f3<\/strong>.<\/p>\n\n\t\t<\/div>\n\t<\/div>\n<\/div><\/div><\/div><\/div><div class=\"vc_row wpb_row vc_row-fluid vc_custom_1684310773809\"><div class=\"wpb_column vc_column_container vc_col-sm-4\"><div class=\"vc_column-inner vc_custom_1618663136045\"><div class=\"wpb_wrapper\">\n\t<div class=\"wpb_text_column wpb_content_element lead\" >\n\t\t<div class=\"wpb_wrapper\">\n\t\t\t<h2 class=\"destacado\" style=\"text-align: left;\">Les nostres bosses reutilitzables fetes a Barcelona s\u00f3n de <span style=\"color: #1a9a02;\"><strong>triple impacte<\/strong><\/span>.<\/h2>\n\n\t\t<\/div>\n\t<\/div>\n<div class=\"vc_empty_space\"   style=\"height: 25px\"><span class=\"vc_empty_space_inner\"><\/span><\/div><\/div><\/div><\/div><div class=\"wpb_column vc_column_container vc_col-sm-8\"><div class=\"vc_column-inner\"><div class=\"wpb_wrapper\">\n\t<div class=\"wpb_text_column wpb_content_element\" >\n\t\t<div class=\"wpb_wrapper\">\n\t\t\t<p><strong>Qu\u00e8 vol dir aix\u00f2?<\/strong> Que cuiden el medi ambient, creen oportunitats de treball i generen una forma de consumir m\u00e9s conscient i de proximitat.<\/p>\n<p>Des de l'inici de BOLSETA vol\u00edem tenir clar en tot moment quantes bosses pos\u00e0vem en circulaci\u00f3 per poder comptar les bosses d'un sol \u00fas que deix\u00e0vem de banda.<\/p>\n<p>I podem dir que a 1\/3\/2023 hem aconseguit deixar de banda <strong>m\u00e9s de 37 milions de bosses d'un sol \u00fas<\/strong> des que el projecte va prendre forma el setembre de 2017.<\/p>\n<p>Incre\u00efble.<\/p>\n\n\t\t<\/div>\n\t<\/div>\n<\/div><\/div><\/div><\/div><div class=\"vc_row wpb_row vc_row-fluid\"><div data-vc-parallax=\"1.5\" data-vc-parallax-image=\"https:\/\/www.bolsetabcn.com\/wp-content\/uploads\/2021\/04\/bg-bolseta.jpg\" class=\"wpb_column vc_column_container vc_col-sm-12 vc_col-has-fill vc_general vc_parallax vc_parallax-content-moving\"><div class=\"vc_column-inner vc_custom_1618663307378\"><div class=\"wpb_wrapper\"><div class=\"vc_row wpb_row vc_inner vc_row-fluid\"><div class=\"wpb_column vc_column_container vc_col-sm-2\"><div class=\"vc_column-inner\"><div class=\"wpb_wrapper\"><\/div><\/div><\/div><div class=\"wpb_column vc_column_container vc_col-sm-8\"><div class=\"vc_column-inner vc_custom_1618664192027\"><div class=\"wpb_wrapper\">\n\t<div class=\"wpb_text_column wpb_content_element\" >\n\t\t<div class=\"wpb_wrapper\">\n\t\t\t<p class=\"frases\"><span style=\"color: #1a9a02;\">211.100s<\/span> BOLSETEs en circulaci\u00f3.<br \/>\n<span style=\"color: #1a9a02;\">69 millones<\/span> de bosses menys.<br \/>\n<span style=\"color: #1a9a02;\">52 campos<\/span> de futbol menys en superf\u00edcie de residus.<br \/>\nIntegraci\u00f3 de persones en risc d'exclusi\u00f3 social.<\/p>\n\n\t\t<\/div>\n\t<\/div>\n<\/div><\/div><\/div><div class=\"wpb_column vc_column_container vc_col-sm-2\"><div class=\"vc_column-inner\"><div class=\"wpb_wrapper\"><\/div><\/div><\/div><\/div><\/div><\/div><\/div><\/div>\n<\/div>","protected":false},"excerpt":{"rendered":"Movimiento BOLSETA Qu\u00e9 nos mueve La misi\u00f3n principal de BOLSETA es la de reducir las bolsas de pl\u00e1stico de un solo uso en nuestro d\u00eda a d\u00eda, y no de cualquier manera. \u00bfC\u00f3mo? Ofreciendo una soluci\u00f3n en forma de bolsa reutilizable, solidaria y de proximidad. Fabricada a mano en la provincia de Barcelona por la [...]","protected":false},"author":1,"featured_media":0,"parent":0,"menu_order":0,"comment_status":"closed","ping_status":"closed","template":"full_width.php","meta":{"_vp_format_video_url":"","_vp_image_focal_point":[],"footnotes":""},"class_list":["post-2182","page","type-page","status-publish","hentry"],"_links":{"self":[{"href":"https:\/\/www.bolsetabcn.com\/ca\/wp-json\/wp\/v2\/pages\/2182","targetHints":{"allow":["GET"]}}],"collection":[{"href":"https:\/\/www.bolsetabcn.com\/ca\/wp-json\/wp\/v2\/pages"}],"about":[{"href":"https:\/\/www.bolsetabcn.com\/ca\/wp-json\/wp\/v2\/types\/page"}],"author":[{"embeddable":true,"href":"https:\/\/www.bolsetabcn.com\/ca\/wp-json\/wp\/v2\/users\/1"}],"replies":[{"embeddable":true,"href":"https:\/\/www.bolsetabcn.com\/ca\/wp-json\/wp\/v2\/comments?post=2182"}],"version-history":[{"count":29,"href":"https:\/\/www.bolsetabcn.com\/ca\/wp-json\/wp\/v2\/pages\/2182\/revisions"}],"predecessor-version":[{"id":12232,"href":"https:\/\/www.bolsetabcn.com\/ca\/wp-json\/wp\/v2\/pages\/2182\/revisions\/12232"}],"wp:attachment":[{"href":"https:\/\/www.bolsetabcn.com\/ca\/wp-json\/wp\/v2\/media?parent=2182"}],"curies":[{"name":"wp","href":"https:\/\/api.w.org\/{rel}","templated":true}]}}