{"id":1962,"date":"2021-04-16T10:35:51","date_gmt":"2021-04-16T10:35:51","guid":{"rendered":"https:\/\/www.bolsetabcn.com\/?page_id=1962"},"modified":"2026-02-17T08:57:15","modified_gmt":"2026-02-17T08:57:15","slug":"bolsas-reutilizables","status":"publish","type":"page","link":"https:\/\/www.bolsetabcn.com\/ca\/","title":{"rendered":"Bosses reutilitzables"},"content":{"rendered":"<div class=\"wpb-content-wrapper\"><div class=\"vc_row wpb_row vc_row-fluid\"><div class=\"wpb_column vc_column_container vc_col-sm-12\"><div class=\"vc_column-inner\"><div class=\"wpb_wrapper\">\n\t\t\t<!-- START header REVOLUTION SLIDER 6.7.35 --><p class=\"rs-p-wp-fix\"><\/p>\n\t\t\t<rs-module-wrap id=\"rev_slider_5_1_wrapper\" data-source=\"gallery\" style=\"visibility:hidden;background:transparent;padding:0;margin:0px auto;margin-top:0;margin-bottom:0;\">\n\t\t\t\t<rs-module id=\"rev_slider_5_1\" style=\"\" data-version=\"6.7.35\">\n\t\t\t\t\t<rs-slides style=\"overflow: hidden; position: absolute;\">\n\t\t\t\t\t\t<rs-slide style=\"position: absolute;\" data-key=\"rs-5\" data-title=\"Slide\" data-anim=\"ms:1000;r:0;\" data-in=\"o:0;\" data-out=\"a:false;\">\n\t\t\t\t\t\t\t<img decoding=\"async\" src=\"\/\/www.bolsetabcn.com\/wp-content\/plugins\/revslider\/sr6\/assets\/assets\/dummy.png\" alt=\"BOLSETA, bolsas reutilizables para la compra\" title=\"BOLSETA, bolsas reutilizables para la compra\" width=\"1920\" height=\"1280\" class=\"rev-slidebg tp-rs-img rs-lazyload\" data-lazyload=\"\/\/www.bolsetabcn.com\/wp-content\/uploads\/2021\/06\/bolseta-bolsas-reutilizables-proximidad-sostenibles-solidarias.jpg\" data-bg=\"p:left center;\" data-parallax=\"14\" data-no-retina>\n<!--\n\t\t\t\t\t\t\t--><rs-layer\n\t\t\t\t\t\t\t\tid=\"slider-5-slide-5-layer-0\" \n\t\t\t\t\t\t\t\tdata-type=\"shape\"\n\t\t\t\t\t\t\t\tdata-rsp_ch=\"on\"\n\t\t\t\t\t\t\t\tdata-xy=\"x:c;y:m;\"\n\t\t\t\t\t\t\t\tdata-text=\"w:normal;s:20,16,12,7;l:0,20,15,9;\"\n\t\t\t\t\t\t\t\tdata-dim=\"w:519px,419px,414px,396px;h:175px,144px,144px,136px;\"\n\t\t\t\t\t\t\t\tdata-frame_0=\"x:0,0,0px,0px;y:0,0,0px,0px;\"\n\t\t\t\t\t\t\t\tdata-frame_1=\"x:0,0,0px,0px;y:0,0,0px,0px;\"\n\t\t\t\t\t\t\t\tdata-frame_999=\"o:0;st:w;\"\n\t\t\t\t\t\t\t\tstyle=\"z-index:8;background-color:rgba(255,255,255,0.95);\"\n\t\t\t\t\t\t\t> \n\t\t\t\t\t\t\t<\/rs-layer><!--\n\n\t\t\t\t\t\t\t--><rs-layer\n\t\t\t\t\t\t\t\tid=\"slider-5-slide-5-layer-1\" \n\t\t\t\t\t\t\t\tdata-type=\"text\"\n\t\t\t\t\t\t\t\tdata-color=\"#606060\"\n\t\t\t\t\t\t\t\tdata-rsp_ch=\"on\"\n\t\t\t\t\t\t\t\tdata-xy=\"x:c;yo:194px,171px,109px,116px;\"\n\t\t\t\t\t\t\t\tdata-text=\"w:normal;s:12,11,11,13;l:25,20,15,9;ls:1px;a:center;\"\n\t\t\t\t\t\t\t\tdata-frame_999=\"o:0;st:w;\"\n\t\t\t\t\t\t\t\tstyle=\"z-index:9;font-family:'Poppins';\"\n\t\t\t\t\t\t\t>EMPRENEDORIA SOSTENIBLE \n\t\t\t\t\t\t\t<\/rs-layer><!--\n\n\t\t\t\t\t\t\t--><rs-layer\n\t\t\t\t\t\t\t\tid=\"slider-5-slide-5-layer-2\" \n\t\t\t\t\t\t\t\tdata-type=\"text\"\n\t\t\t\t\t\t\t\tdata-color=\"#0c0c0c\"\n\t\t\t\t\t\t\t\tdata-rsp_ch=\"on\"\n\t\t\t\t\t\t\t\tdata-xy=\"x:c;yo:223px,195px,132px,133px;\"\n\t\t\t\t\t\t\t\tdata-text=\"w:normal;s:34,28,28,27;l:42,34,33,32;ls:1px;fw:700;a:center;\"\n\t\t\t\t\t\t\t\tdata-frame_0=\"x:0,0,0px,0px;y:0,0,0px,0px;\"\n\t\t\t\t\t\t\t\tdata-frame_1=\"x:0,0,0px,0px;y:0,0,0px,0px;\"\n\t\t\t\t\t\t\t\tdata-frame_999=\"o:0;st:w;\"\n\t\t\t\t\t\t\t\tstyle=\"z-index:10;font-family:'Poppins';\"\n\t\t\t\t\t\t\t>Solidaritat, proximitat<br \/>\ni sostenibilitat \n\t\t\t\t\t\t\t<\/rs-layer><!--\n-->\t\t\t\t\t<\/rs-slide>\n\t\t\t\t\t<\/rs-slides>\n\t\t\t\t<\/rs-module>\n\t\t\t\t<script>\n\t\t\t\t\tsetREVStartSize({c: 'rev_slider_5_1',rl:[1240,1024,778,480],el:[500,428,300,300],gw:[1240,1024,778,480],gh:[500,428,300,300],type:'standard',justify:'',layout:'fullwidth',mh:\"0\"});if (window.RS_MODULES!==undefined && window.RS_MODULES.modules!==undefined && window.RS_MODULES.modules[\"revslider51\"]!==undefined) {window.RS_MODULES.modules[\"revslider51\"].once = false;window.revapi5 = undefined;if (window.RS_MODULES.checkMinimal!==undefined) window.RS_MODULES.checkMinimal()}\n\t\t\t\t<\/script>\n\t\t\t<\/rs-module-wrap>\n\t\t\t<!-- END REVOLUTION SLIDER -->\n<\/div><\/div><\/div><\/div><div class=\"vc_row wpb_row vc_row-fluid vc_custom_1618842932060\"><div class=\"wpb_column vc_column_container vc_col-sm-2\"><div class=\"vc_column-inner\"><div class=\"wpb_wrapper\"><\/div><\/div><\/div><div class=\"wpb_column vc_column_container vc_col-sm-8\"><div class=\"vc_column-inner\"><div class=\"wpb_wrapper\"><div class=\"vc_empty_space\"   style=\"height: 80px\"><span class=\"vc_empty_space_inner\"><\/span><\/div>\n\t<div class=\"wpb_text_column wpb_content_element\" >\n\t\t<div class=\"wpb_wrapper\">\n\t\t\t<h2 style=\"text-align: center;\"><b><span style=\"color: #199a01;\">BOLSETA<\/span><\/b><b>, l'\u00fanica bossa reutilitzable amb car\u00e0cter solidari que arriba a una <a href=\"https:\/\/youtu.be\/Sf4ZJo-zOpQ\" target=\"_blank\" rel=\"noopener\"><span style=\"color: #199a01;\"><u>xerrada TEDx<\/u><\/span><\/a><\/b><\/h2>\n\n\t\t<\/div>\n\t<\/div>\n<div class=\"vc_empty_space\"   style=\"height: 25px\"><span class=\"vc_empty_space_inner\"><\/span><\/div>\n\t<div class=\"wpb_text_column wpb_content_element lead\" >\n\t\t<div class=\"wpb_wrapper\">\n\t\t\t<p class=\"intro\">El 2017, vam n\u00e9ixer com a alternativa per<strong> deixar de banda el nombre m\u00e9s gran possible de bosses d'un sol \u00fas<\/strong>, generar oportunitats laborals a persones en risc d'exclusi\u00f3 social i no fomentar l'increment de la petjada de carboni.<\/p>\n<p class=\"intro\">El 2022, continuem avan\u00e7ant i BOLSETA porta la seva experi\u00e8ncia a la <strong>divulgaci\u00f3 a escoles, empreses i organitzacions<\/strong> per ser motor de canvi generant consci\u00e8ncia ambiental, social i de proximitat.<\/p>\n\n\t\t<\/div>\n\t<\/div>\n<div class=\"vc_empty_space\"   style=\"height: 50px\"><span class=\"vc_empty_space_inner\"><\/span><\/div><\/div><\/div><\/div><div class=\"wpb_column vc_column_container vc_col-sm-2\"><div class=\"vc_column-inner\"><div class=\"wpb_wrapper\"><\/div><\/div><\/div><\/div><div class=\"vc_row wpb_row vc_row-fluid vc_custom_1618656077537\"><div class=\"wpb_column vc_column_container vc_col-sm-4 vc_col-xs-6\"><div class=\"vc_column-inner\"><div class=\"wpb_wrapper\">\n\t<div  class=\"wpb_single_image wpb_content_element vc_align_center wpb_content_element\">\n\t\t\n\t\t<figure class=\"wpb_wrapper vc_figure\">\n\t\t\t<a href=\"https:\/\/www.bolsetabcn.com\/ca\/que-nos-mueve\/\" target=\"_self\" class=\"vc_single_image-wrapper   vc_box_border_grey\"><img loading=\"lazy\" decoding=\"async\" width=\"430\" height=\"239\" src=\"https:\/\/www.bolsetabcn.com\/wp-content\/uploads\/2021\/04\/movimiento-bolseta.jpg\" class=\"vc_single_image-img attachment-full\" alt=\"Bolsa de carga BIG BAG con verduras, frutas y hortalizas\" title=\"Bossa de c\u00e0rrega BIG BAG amb verdures, fruites i hortalisses\" srcset=\"https:\/\/www.bolsetabcn.com\/wp-content\/uploads\/2021\/04\/movimiento-bolseta.jpg 430w, https:\/\/www.bolsetabcn.com\/wp-content\/uploads\/2021\/04\/movimiento-bolseta-300x167.jpg 300w\" sizes=\"auto, (max-width: 430px) 100vw, 430px\" \/><\/a>\n\t\t<\/figure>\n\t<\/div>\n<div class=\"vc_empty_space\"   style=\"height: 20px\"><span class=\"vc_empty_space_inner\"><\/span><\/div>\n\t<div class=\"wpb_text_column wpb_content_element\" >\n\t\t<div class=\"wpb_wrapper\">\n\t\t\t<h2 class=\"secciones\"><a href=\"https:\/\/www.bolsetabcn.com\/ca\/que-nos-mueve\/\">Moviment BOLSETA<\/a><\/h2>\n\n\t\t<\/div>\n\t<\/div>\n<div class=\"vc_empty_space\"   style=\"height: 5px\"><span class=\"vc_empty_space_inner\"><\/span><\/div>\n\t<div class=\"wpb_text_column wpb_content_element\" >\n\t\t<div class=\"wpb_wrapper\">\n\t\t\t<p>Coneix la nostra <strong>filosofia<\/strong> i els <strong>n\u00fameros<\/strong> que conformen la nostra emprenedoria sostenible i social.<\/p>\n\n\t\t<\/div>\n\t<\/div>\n<div class=\"vc_empty_space\"   style=\"height: 25px\"><span class=\"vc_empty_space_inner\"><\/span><\/div><\/div><\/div><\/div><div class=\"wpb_column vc_column_container vc_col-sm-4 vc_col-xs-6\"><div class=\"vc_column-inner\"><div class=\"wpb_wrapper\">\n\t<div  class=\"wpb_single_image wpb_content_element vc_align_center wpb_content_element\">\n\t\t\n\t\t<figure class=\"wpb_wrapper vc_figure\">\n\t\t\t<a href=\"https:\/\/www.bolsetabcn.com\/ca\/talleres-y-conferencias-divulgativos-sostenibilidad\/\" target=\"_self\" class=\"vc_single_image-wrapper   vc_box_border_grey\"><img loading=\"lazy\" decoding=\"async\" width=\"430\" height=\"239\" src=\"https:\/\/www.bolsetabcn.com\/wp-content\/uploads\/2022\/11\/bolseta-talleres-charlas-conferencias-divulgativas-sostenibilidad-empresas-organizaciones-escuelas-colegios-.jpg\" class=\"vc_single_image-img attachment-full\" alt=\"BOLSETA talleres y conferencias divulgativos empresas, organizaciones, colegios y escuelas\" title=\"BOLSETA talleres y conferencias divulgativos empresas, organizaciones, colegios y escuelas\" srcset=\"https:\/\/www.bolsetabcn.com\/wp-content\/uploads\/2022\/11\/bolseta-talleres-charlas-conferencias-divulgativas-sostenibilidad-empresas-organizaciones-escuelas-colegios-.jpg 430w, https:\/\/www.bolsetabcn.com\/wp-content\/uploads\/2022\/11\/bolseta-talleres-charlas-conferencias-divulgativas-sostenibilidad-empresas-organizaciones-escuelas-colegios--300x167.jpg 300w\" sizes=\"auto, (max-width: 430px) 100vw, 430px\" \/><\/a>\n\t\t<\/figure>\n\t<\/div>\n<div class=\"vc_empty_space\"   style=\"height: 20px\"><span class=\"vc_empty_space_inner\"><\/span><\/div>\n\t<div class=\"wpb_text_column wpb_content_element\" >\n\t\t<div class=\"wpb_wrapper\">\n\t\t\t<h2 class=\"secciones\"><a href=\"https:\/\/www.bolsetabcn.com\/ca\/talleres-y-conferencias-divulgativos-sostenibilidad\/\">TALLERS DE SOSTENIBILITAT<\/a><\/h2>\n\n\t\t<\/div>\n\t<\/div>\n<div class=\"vc_empty_space\"   style=\"height: 5px\"><span class=\"vc_empty_space_inner\"><\/span><\/div>\n\t<div class=\"wpb_text_column wpb_content_element\" >\n\t\t<div class=\"wpb_wrapper\">\n\t\t\t<p>Estem a disposici\u00f3 de la teva comunitat educativa, organitzaci\u00f3 empresarial o instituci\u00f3, per ser, juntes, un <strong>motor de canvi<\/strong>.<\/p>\n\n\t\t<\/div>\n\t<\/div>\n<div class=\"vc_empty_space\"   style=\"height: 25px\"><span class=\"vc_empty_space_inner\"><\/span><\/div><\/div><\/div><\/div><div class=\"wpb_column vc_column_container vc_col-sm-4\"><div class=\"vc_column-inner\"><div class=\"wpb_wrapper\">\n\t<div  class=\"wpb_single_image wpb_content_element vc_align_center wpb_content_element\">\n\t\t\n\t\t<figure class=\"wpb_wrapper vc_figure\">\n\t\t\t<a href=\"https:\/\/www.bolsetabcn.com\/ca\/regalos-corporativos-solidarios-y-sostenibles\/\" target=\"_self\" class=\"vc_single_image-wrapper   vc_box_border_grey\"><img loading=\"lazy\" decoding=\"async\" width=\"430\" height=\"239\" src=\"https:\/\/www.bolsetabcn.com\/wp-content\/uploads\/2021\/06\/packaging-corporativo-eventos-empresas.jpg\" class=\"vc_single_image-img attachment-full\" alt=\"Packaging corporativo eventos regalos empresa con las bolsas reutilizables BOLSETA\" title=\"Packaging corporatiu esdeveniments regals empresa amb les bosses reutilitzables BOLSETA\" srcset=\"https:\/\/www.bolsetabcn.com\/wp-content\/uploads\/2021\/06\/packaging-corporativo-eventos-empresas.jpg 430w, https:\/\/www.bolsetabcn.com\/wp-content\/uploads\/2021\/06\/packaging-corporativo-eventos-empresas-300x167.jpg 300w\" sizes=\"auto, (max-width: 430px) 100vw, 430px\" \/><\/a>\n\t\t<\/figure>\n\t<\/div>\n<div class=\"vc_empty_space\"   style=\"height: 20px\"><span class=\"vc_empty_space_inner\"><\/span><\/div>\n\t<div class=\"wpb_text_column wpb_content_element\" >\n\t\t<div class=\"wpb_wrapper\">\n\t\t\t<h2 class=\"secciones\"><a href=\"https:\/\/www.bolsetabcn.com\/ca\/regalos-corporativos-solidarios-y-sostenibles\/\">Serveis que oferim<\/a><\/h2>\n\n\t\t<\/div>\n\t<\/div>\n<div class=\"vc_empty_space\"   style=\"height: 5px\"><span class=\"vc_empty_space_inner\"><\/span><\/div>\n\t<div class=\"wpb_text_column wpb_content_element\" >\n\t\t<div class=\"wpb_wrapper\">\n\t\t\t<p>Necessites una <strong>soluci\u00f3 per al teu packaging corporatiu<\/strong>? O potser una idea de <strong>regals d'empresa<\/strong>?<\/p>\n\n\t\t<\/div>\n\t<\/div>\n<\/div><\/div><\/div><\/div><div class=\"vc_row wpb_row vc_row-fluid vc_custom_1618943576016\"><div class=\"wpb_column vc_column_container vc_col-sm-4 vc_col-xs-6\"><div class=\"vc_column-inner\"><div class=\"wpb_wrapper\">\n\t<div  class=\"wpb_single_image wpb_content_element vc_align_center wpb_content_element\">\n\t\t\n\t\t<figure class=\"wpb_wrapper vc_figure\">\n\t\t\t<a href=\"https:\/\/www.bolsetabcn.com\/ca\/campanas-institucionales\/\" target=\"_self\" class=\"vc_single_image-wrapper   vc_box_border_grey\"><img loading=\"lazy\" decoding=\"async\" width=\"430\" height=\"239\" src=\"https:\/\/www.bolsetabcn.com\/wp-content\/uploads\/2026\/02\/campanas-institucionales.jpg\" class=\"vc_single_image-img attachment-full\" alt=\"Campa\u00f1as institucionales ayuntamiento\" title=\"Campa\u00f1as institucionales ayuntamiento\" srcset=\"https:\/\/www.bolsetabcn.com\/wp-content\/uploads\/2026\/02\/campanas-institucionales.jpg 430w, https:\/\/www.bolsetabcn.com\/wp-content\/uploads\/2026\/02\/campanas-institucionales-300x167.jpg 300w, https:\/\/www.bolsetabcn.com\/wp-content\/uploads\/2026\/02\/campanas-institucionales-18x10.jpg 18w\" sizes=\"auto, (max-width: 430px) 100vw, 430px\" \/><\/a>\n\t\t<\/figure>\n\t<\/div>\n<div class=\"vc_empty_space\"   style=\"height: 20px\"><span class=\"vc_empty_space_inner\"><\/span><\/div>\n\t<div class=\"wpb_text_column wpb_content_element\" >\n\t\t<div class=\"wpb_wrapper\">\n\t\t\t<h2 class=\"secciones\"><a href=\"https:\/\/www.bolsetabcn.com\/ca\/campanas-institucionales\/\">Campanyes institucionals<\/a><\/h2>\n\n\t\t<\/div>\n\t<\/div>\n<div class=\"vc_empty_space\"   style=\"height: 5px\"><span class=\"vc_empty_space_inner\"><\/span><\/div>\n\t<div class=\"wpb_text_column wpb_content_element\" >\n\t\t<div class=\"wpb_wrapper\">\n\t\t\t<p>Act\u00faa de forma <strong>sostenible y coherente con tus compromisos<\/strong>, aportando soluciones reales y no solo apariencia ecol\u00f3gica.<\/p>\n\n\t\t<\/div>\n\t<\/div>\n<div class=\"vc_empty_space\"   style=\"height: 25px\"><span class=\"vc_empty_space_inner\"><\/span><\/div><\/div><\/div><\/div><div class=\"wpb_column vc_column_container vc_col-sm-4 vc_col-xs-6\"><div class=\"vc_column-inner\"><div class=\"wpb_wrapper\">\n\t<div  class=\"wpb_single_image wpb_content_element vc_align_center wpb_content_element\">\n\t\t\n\t\t<figure class=\"wpb_wrapper vc_figure\">\n\t\t\t<a href=\"https:\/\/www.bolsetabcn.com\/ca\/blog\/\" target=\"_self\" class=\"vc_single_image-wrapper   vc_box_border_grey\"><img loading=\"lazy\" decoding=\"async\" width=\"430\" height=\"239\" src=\"https:\/\/www.bolsetabcn.com\/wp-content\/uploads\/2021\/04\/blog-bolseta.jpg\" class=\"vc_single_image-img attachment-full\" alt=\"Ristra de bolsas reutilizables y polivalentes para la compra BOLSETA\" title=\"Enfilall de bosses reutilitzables i polivalents per a la compra BOLSETA\" srcset=\"https:\/\/www.bolsetabcn.com\/wp-content\/uploads\/2021\/04\/blog-bolseta.jpg 430w, https:\/\/www.bolsetabcn.com\/wp-content\/uploads\/2021\/04\/blog-bolseta-300x167.jpg 300w\" sizes=\"auto, (max-width: 430px) 100vw, 430px\" \/><\/a>\n\t\t<\/figure>\n\t<\/div>\n<div class=\"vc_empty_space\"   style=\"height: 20px\"><span class=\"vc_empty_space_inner\"><\/span><\/div>\n\t<div class=\"wpb_text_column wpb_content_element\" >\n\t\t<div class=\"wpb_wrapper\">\n\t\t\t<h2 class=\"secciones\"><a href=\"https:\/\/www.bolsetabcn.com\/ca\/blog\/\">Blog de not\u00edcies<\/a><\/h2>\n\n\t\t<\/div>\n\t<\/div>\n<div class=\"vc_empty_space\"   style=\"height: 5px\"><span class=\"vc_empty_space_inner\"><\/span><\/div>\n\t<div class=\"wpb_text_column wpb_content_element\" >\n\t\t<div class=\"wpb_wrapper\">\n\t\t\t<p>Un <strong>punt de trobada<\/strong> amb articles, consells, cites, receptes i esdeveniments en l\u00ednia a la filosofia de BOLSETA.<\/p>\n\n\t\t<\/div>\n\t<\/div>\n<div class=\"vc_empty_space\"   style=\"height: 25px\"><span class=\"vc_empty_space_inner\"><\/span><\/div><\/div><\/div><\/div><div class=\"wpb_column vc_column_container vc_col-sm-4\"><div class=\"vc_column-inner\"><div class=\"wpb_wrapper\">\n\t<div  class=\"wpb_single_image wpb_content_element vc_align_center wpb_content_element\">\n\t\t\n\t\t<figure class=\"wpb_wrapper vc_figure\">\n\t\t\t<a href=\"https:\/\/bolsetabcn.us4.list-manage.com\/subscribe?u=04fa7db68e4194fc2de328b4c&#038;id=821f85d2f6\" target=\"_self\" class=\"vc_single_image-wrapper   vc_box_border_grey\"><img loading=\"lazy\" decoding=\"async\" width=\"430\" height=\"239\" src=\"https:\/\/www.bolsetabcn.com\/wp-content\/uploads\/2022\/01\/newsletter-mensual-bolseta.jpg\" class=\"vc_single_image-img attachment-full\" alt=\"BOLSETA BCN Newsletter mensual\" title=\"BOLSETA BCN Newsletter mensual\" srcset=\"https:\/\/www.bolsetabcn.com\/wp-content\/uploads\/2022\/01\/newsletter-mensual-bolseta.jpg 430w, https:\/\/www.bolsetabcn.com\/wp-content\/uploads\/2022\/01\/newsletter-mensual-bolseta-300x167.jpg 300w\" sizes=\"auto, (max-width: 430px) 100vw, 430px\" \/><\/a>\n\t\t<\/figure>\n\t<\/div>\n<div class=\"vc_empty_space\"   style=\"height: 20px\"><span class=\"vc_empty_space_inner\"><\/span><\/div>\n\t<div class=\"wpb_text_column wpb_content_element\" >\n\t\t<div class=\"wpb_wrapper\">\n\t\t\t<h2 class=\"secciones\"><a href=\"https:\/\/bolsetabcn.us4.list-manage.com\/subscribe?u=04fa7db68e4194fc2de328b4c&amp;id=821f85d2f6\" target=\"_blank\" rel=\"noopener\">Subscriu-te a la nostra Newsletter<\/a><\/h2>\n\n\t\t<\/div>\n\t<\/div>\n<div class=\"vc_empty_space\"   style=\"height: 5px\"><span class=\"vc_empty_space_inner\"><\/span><\/div>\n\t<div class=\"wpb_text_column wpb_content_element\" >\n\t\t<div class=\"wpb_wrapper\">\n\t\t\t<p><strong>Cada mes<\/strong> t'enviarem una recopilaci\u00f3 de recomanacions, receptes, esdeveniments i entrevistes.<\/p>\n\n\t\t<\/div>\n\t<\/div>\n<\/div><\/div><\/div><\/div><div class=\"vc_row wpb_row vc_row-fluid\"><div class=\"wpb_column vc_column_container vc_col-sm-4 vc_col-has-fill\"><div class=\"vc_column-inner vc_custom_1618825937584\"><div class=\"wpb_wrapper\"><div class=\"vc_row wpb_row vc_inner vc_row-fluid\"><div class=\"wpb_column vc_column_container vc_col-sm-2\"><div class=\"vc_column-inner\"><div class=\"wpb_wrapper\"><\/div><\/div><\/div><div class=\"wpb_column vc_column_container vc_col-sm-8\"><div class=\"vc_column-inner\"><div class=\"wpb_wrapper\">\n\t<div class=\"wpb_text_column wpb_content_element\" >\n\t\t<div class=\"wpb_wrapper\">\n\t\t\t<h4 class=\"titulo\">Perqu\u00e8 una altra manera de fer les coses <span style=\"color: #1a9a02;\">s\u00ed que \u00e9s possible<\/span>.<\/h4>\n\n\t\t<\/div>\n\t<\/div>\n<\/div><\/div><\/div><div class=\"wpb_column vc_column_container vc_col-sm-2\"><div class=\"vc_column-inner\"><div class=\"wpb_wrapper\"><\/div><\/div><\/div><\/div><\/div><\/div><\/div><div data-vc-parallax=\"1.5\" data-vc-parallax-image=\"https:\/\/www.bolsetabcn.com\/wp-content\/uploads\/2021\/04\/bolseta-irene-compra.jpg\" class=\"wpb_column vc_column_container vc_col-sm-8 vc_col-has-fill vc_general vc_parallax vc_parallax-content-moving\"><div class=\"vc_column-inner vc_custom_1618660123313\"><div class=\"wpb_wrapper\"><\/div><\/div><\/div><\/div><div class=\"vc_row wpb_row vc_row-fluid vc_custom_1623427305585 vc_row-has-fill\"><div class=\"wpb_column vc_column_container vc_col-sm-12\"><div class=\"vc_column-inner\"><div class=\"wpb_wrapper\"><div class=\"vc_row wpb_row vc_inner vc_row-fluid\"><div class=\"wpb_column vc_column_container vc_col-sm-12\"><div class=\"vc_column-inner\"><div class=\"wpb_wrapper\">[testimonials type=\u00bb\u00bb category=\u00bbMenciones\u00bb show_author_image=\u00bbno\u00bb show_title=\u00bbno\u00bb show_author_job_position=\u00bbyes\u00bb text_align=\u00bbcenter_align\u00bb show_navigation=\u00bbno\u00bb show_navigation_arrows=\u00bbyes\u00bb auto_rotate_slides=\u00bb5&#8243; animation_type=\u00bbfade\u00bb]<\/div><\/div><\/div><\/div><\/div><\/div><\/div><\/div><div class=\"vc_row wpb_row vc_row-fluid vc_custom_1637065810823\"><div class=\"boton-centro wpb_column vc_column_container vc_col-sm-12\"><div class=\"vc_column-inner\"><div class=\"wpb_wrapper\">\n\t<div class=\"wpb_text_column wpb_content_element\" >\n\t\t<div class=\"wpb_wrapper\">\n\t\t\t<h2 class=\"tit-secciones\">Blog de not\u00edcies<\/h2>\n\n\t\t<\/div>\n\t<\/div>\n<div class=\"vc_empty_space\"   style=\"height: 45px\"><span class=\"vc_empty_space_inner\"><\/span><\/div>[latest_post type=\u00bbboxes\u00bb number_of_columns=\u00bb4&#8243; number_of_rows=\u00bb1&#8243; order_by=\u00bbdate\u00bb order=\u00bbDESC\u00bb title_tag=\u00bbh4&#8243; display_category=\u00bb0&#8243; display_author=\u00bb0&#8243; text_length=\u00bb0&#8243;]<\/div><\/div><\/div><\/div><div class=\"vc_row wpb_row vc_row-fluid\"><div class=\"wpb_column vc_column_container vc_col-sm-2\"><div class=\"vc_column-inner\"><div class=\"wpb_wrapper\"><\/div><\/div><\/div><div class=\"wpb_column vc_column_container vc_col-sm-8\"><div class=\"vc_column-inner\"><div class=\"wpb_wrapper\">\n\t<div class=\"wpb_text_column wpb_content_element\" >\n\t\t<div class=\"wpb_wrapper\">\n\t\t\t<h3 class=\"tit-secciones\">Entitats i empreses amb les quals hem col\u00b7laborat<\/h3>\n\n\t\t<\/div>\n\t<\/div>\n<\/div><\/div><\/div><div class=\"wpb_column vc_column_container vc_col-sm-2\"><div class=\"vc_column-inner\"><div class=\"wpb_wrapper\"><\/div><\/div><\/div><\/div><div class=\"vc_row wpb_row vc_row-fluid vc_custom_1618845154476\"><div class=\"wpb_column vc_column_container vc_col-sm-12\"><div class=\"vc_column-inner\"><div class=\"wpb_wrapper\">\n\t<div class=\"wpb_text_column wpb_content_element\" >\n\t\t<div class=\"wpb_wrapper\">\n\t\t\t<p>[qode_carousel carousel=\u00bbempresas-y-colaboraciones\u00bb carousel_type=\u00bbcarousel_owl\u00bb items_visible=\u00bb6&#8243; stage_padding=\u00bbno\u00bb show_draggable_navigation=\u00bbno\u00bb space_between=\u00bbyes\u00bb hover_effect=\u00bbdisable\u00bb on_click=\u00bbopen_link\u00bb draggable_slider_speed=\u00bb200&#8243;]<\/p>\n\n\t\t<\/div>\n\t<\/div>\n<\/div><\/div><\/div><\/div><div class=\"vc_row wpb_row vc_row-fluid\"><div class=\"wpb_column vc_column_container vc_col-sm-12\"><div class=\"vc_column-inner\"><div class=\"wpb_wrapper\"><div class=\"vc_row wpb_row vc_inner vc_row-fluid\"><div class=\"wpb_column vc_column_container vc_col-sm-9\"><div class=\"vc_column-inner\"><div class=\"wpb_wrapper\">\n\t<div class=\"wpb_text_column wpb_content_element\" >\n\t\t<div class=\"wpb_wrapper\">\n\t\t\t<h2 class=\"secciones\" style=\"text-align: left;\">Subscriu-te a la nostra newsletter i gaudeix mensualment de les nostres novetats!<\/h2>\n\n\t\t<\/div>\n\t<\/div>\n<div class=\"vc_empty_space\"   style=\"height: 15px\"><span class=\"vc_empty_space_inner\"><\/span><\/div><\/div><\/div><\/div><div class=\"wpb_column vc_column_container vc_col-sm-3\"><div class=\"vc_column-inner\"><div class=\"wpb_wrapper\">\n\t<div class=\"wpb_text_column wpb_content_element\" >\n\t\t<div class=\"wpb_wrapper\">\n\t\t\t<p>[qbutton size=\u00bbsmall\u00bb text=\u00bbSuscribirme ahora\u00bb link=\u00bbhttps:\/\/bolsetabcn.us4.list-manage.com\/subscribe?u=04fa7db68e4194fc2de328b4c&amp;id=821f85d2f6&#8243; target=\u00bb_self\u00bb color=\u00bb#ffffff\u00bb border_color=\u00bb#199a01&#8243; hover_border_color=\u00bb#199a01&#8243; background_color=\u00bb#199a01&#8243;]<\/p>\n\n\t\t<\/div>\n\t<\/div>\n<\/div><\/div><\/div><\/div><\/div><\/div><\/div><\/div><div class=\"vc_row wpb_row vc_row-fluid\"><div class=\"wpb_column vc_column_container vc_col-sm-12\"><div class=\"vc_column-inner\"><div class=\"wpb_wrapper\"><\/div><\/div><\/div><\/div>\n<\/div>","protected":false},"excerpt":{"rendered":"EMPRENDIMIENTO SOSTENIBLE Solidaridad, proximidad y sostenibilidad BOLSETA, la \u00fanica bolsa reutilizable con car\u00e1cter solidario que llega a una charla TEDx En 2017, nacimos como alternativa para dejar de lado el mayor n\u00famero posible de bolsas de un solo uso, generar oportunidades laborales a personas en riesgo de exclusi\u00f3n social y no fomentar el incremento de [...]","protected":false},"author":1,"featured_media":0,"parent":0,"menu_order":0,"comment_status":"closed","ping_status":"closed","template":"full_width.php","meta":{"footnotes":""},"class_list":["post-1962","page","type-page","status-publish","hentry"],"_links":{"self":[{"href":"https:\/\/www.bolsetabcn.com\/ca\/wp-json\/wp\/v2\/pages\/1962","targetHints":{"allow":["GET"]}}],"collection":[{"href":"https:\/\/www.bolsetabcn.com\/ca\/wp-json\/wp\/v2\/pages"}],"about":[{"href":"https:\/\/www.bolsetabcn.com\/ca\/wp-json\/wp\/v2\/types\/page"}],"author":[{"embeddable":true,"href":"https:\/\/www.bolsetabcn.com\/ca\/wp-json\/wp\/v2\/users\/1"}],"replies":[{"embeddable":true,"href":"https:\/\/www.bolsetabcn.com\/ca\/wp-json\/wp\/v2\/comments?post=1962"}],"version-history":[{"count":111,"href":"https:\/\/www.bolsetabcn.com\/ca\/wp-json\/wp\/v2\/pages\/1962\/revisions"}],"predecessor-version":[{"id":12228,"href":"https:\/\/www.bolsetabcn.com\/ca\/wp-json\/wp\/v2\/pages\/1962\/revisions\/12228"}],"wp:attachment":[{"href":"https:\/\/www.bolsetabcn.com\/ca\/wp-json\/wp\/v2\/media?parent=1962"}],"curies":[{"name":"wp","href":"https:\/\/api.w.org\/{rel}","templated":true}]}}